{"id":5,"date":"2019-10-30T18:14:11","date_gmt":"2019-10-30T17:14:11","guid":{"rendered":"https:\/\/www.bergheim-brand.de\/?page_id=5"},"modified":"2022-10-08T21:57:35","modified_gmt":"2022-10-08T19:57:35","slug":"home","status":"publish","type":"page","link":"https:\/\/www.bergheim-brand.de\/","title":{"rendered":"Home"},"content":{"rendered":"\t\t<div data-elementor-type=\"wp-page\" data-elementor-id=\"5\" class=\"elementor elementor-5\">\n\t\t\t\t\t\t\t\t\t<section class=\"elementor-section elementor-top-section elementor-element elementor-element-151de733 elementor-section-height-min-height elementor-section-boxed elementor-section-height-default elementor-section-items-middle\" data-id=\"151de733\" data-element_type=\"section\" data-settings=\"{&quot;background_background&quot;:&quot;classic&quot;,&quot;shape_divider_bottom&quot;:&quot;mountains&quot;}\">\n\t\t\t\t\t\t\t<div class=\"elementor-background-overlay\"><\/div>\n\t\t\t\t\t\t<div class=\"elementor-shape elementor-shape-bottom\" data-negative=\"false\">\n\t\t\t<svg xmlns=\"http:\/\/www.w3.org\/2000\/svg\" viewBox=\"0 0 1000 100\" preserveAspectRatio=\"none\">\n\t<path class=\"elementor-shape-fill\" opacity=\"0.33\" d=\"M473,67.3c-203.9,88.3-263.1-34-320.3,0C66,119.1,0,59.7,0,59.7V0h1000v59.7 c0,0-62.1,26.1-94.9,29.3c-32.8,3.3-62.8-12.3-75.8-22.1C806,49.6,745.3,8.7,694.9,4.7S492.4,59,473,67.3z\"\/>\n\t<path class=\"elementor-shape-fill\" opacity=\"0.66\" d=\"M734,67.3c-45.5,0-77.2-23.2-129.1-39.1c-28.6-8.7-150.3-10.1-254,39.1 s-91.7-34.4-149.2,0C115.7,118.3,0,39.8,0,39.8V0h1000v36.5c0,0-28.2-18.5-92.1-18.5C810.2,18.1,775.7,67.3,734,67.3z\"\/>\n\t<path class=\"elementor-shape-fill\" d=\"M766.1,28.9c-200-57.5-266,65.5-395.1,19.5C242,1.8,242,5.4,184.8,20.6C128,35.8,132.3,44.9,89.9,52.5C28.6,63.7,0,0,0,0 h1000c0,0-9.9,40.9-83.6,48.1S829.6,47,766.1,28.9z\"\/>\n<\/svg>\t\t<\/div>\n\t\t\t\t\t<div class=\"elementor-container elementor-column-gap-default\">\n\t\t\t\t\t<div class=\"elementor-column elementor-col-100 elementor-top-column elementor-element elementor-element-7256d197\" data-id=\"7256d197\" data-element_type=\"column\">\n\t\t\t<div class=\"elementor-widget-wrap\">\n\t\t\t\t\t\t\t\t\t<\/div>\n\t\t<\/div>\n\t\t\t\t\t\t\t<\/div>\n\t\t<\/section>\n\t\t\t\t<section class=\"elementor-section elementor-top-section elementor-element elementor-element-23ead7d elementor-section-boxed elementor-section-height-default elementor-section-height-default\" data-id=\"23ead7d\" data-element_type=\"section\">\n\t\t\t\t\t\t<div class=\"elementor-container elementor-column-gap-default\">\n\t\t\t\t\t<div class=\"elementor-column elementor-col-100 elementor-top-column elementor-element elementor-element-53baa90\" data-id=\"53baa90\" data-element_type=\"column\">\n\t\t\t<div class=\"elementor-widget-wrap elementor-element-populated\">\n\t\t\t\t\t\t\t\t<div class=\"elementor-element elementor-element-6938c4f elementor-hidden-phone elementor-widget elementor-widget-spacer\" data-id=\"6938c4f\" data-element_type=\"widget\" data-widget_type=\"spacer.default\">\n\t\t\t\t<div class=\"elementor-widget-container\">\n\t\t\t\t\t<div class=\"elementor-spacer\">\n\t\t\t<div class=\"elementor-spacer-inner\"><\/div>\n\t\t<\/div>\n\t\t\t\t<\/div>\n\t\t\t\t<\/div>\n\t\t\t\t\t<\/div>\n\t\t<\/div>\n\t\t\t\t\t\t\t<\/div>\n\t\t<\/section>\n\t\t\t\t<section class=\"elementor-section elementor-top-section elementor-element elementor-element-95bf04a elementor-section-boxed elementor-section-height-default elementor-section-height-default\" data-id=\"95bf04a\" data-element_type=\"section\">\n\t\t\t\t\t\t<div class=\"elementor-container elementor-column-gap-default\">\n\t\t\t\t\t<div class=\"elementor-column elementor-col-100 elementor-top-column elementor-element elementor-element-095363f\" data-id=\"095363f\" data-element_type=\"column\">\n\t\t\t<div class=\"elementor-widget-wrap elementor-element-populated\">\n\t\t\t\t\t\t\t\t<div class=\"elementor-element elementor-element-44bcb56 elementor-widget elementor-widget-heading\" data-id=\"44bcb56\" data-element_type=\"widget\" data-widget_type=\"heading.default\">\n\t\t\t\t<div class=\"elementor-widget-container\">\n\t\t\t<h2 class=\"elementor-heading-title elementor-size-default\">Bergheim Brand<\/h2>\t\t<\/div>\n\t\t\t\t<\/div>\n\t\t\t\t\t<\/div>\n\t\t<\/div>\n\t\t\t\t\t\t\t<\/div>\n\t\t<\/section>\n\t\t\t\t<section class=\"elementor-section elementor-top-section elementor-element elementor-element-f2dc546 elementor-section-boxed elementor-section-height-default elementor-section-height-default\" data-id=\"f2dc546\" data-element_type=\"section\">\n\t\t\t\t\t\t<div class=\"elementor-container elementor-column-gap-default\">\n\t\t\t\t\t<div class=\"elementor-column elementor-col-100 elementor-top-column elementor-element elementor-element-6fe6f4f\" data-id=\"6fe6f4f\" data-element_type=\"column\">\n\t\t\t<div class=\"elementor-widget-wrap\">\n\t\t\t\t\t\t\t\t\t<\/div>\n\t\t<\/div>\n\t\t\t\t\t\t\t<\/div>\n\t\t<\/section>\n\t\t\t\t<section class=\"elementor-section elementor-top-section elementor-element elementor-element-23a9fec elementor-section-boxed elementor-section-height-default elementor-section-height-default\" data-id=\"23a9fec\" data-element_type=\"section\">\n\t\t\t\t\t\t<div class=\"elementor-container elementor-column-gap-default\">\n\t\t\t\t\t<div class=\"elementor-column elementor-col-100 elementor-top-column elementor-element elementor-element-53dbf18\" data-id=\"53dbf18\" data-element_type=\"column\">\n\t\t\t<div class=\"elementor-widget-wrap elementor-element-populated\">\n\t\t\t\t\t\t\t\t<div class=\"elementor-element elementor-element-50578c6 elementor-widget elementor-widget-text-editor\" data-id=\"50578c6\" data-element_type=\"widget\" data-widget_type=\"text-editor.default\">\n\t\t\t\t<div class=\"elementor-widget-container\">\n\t\t\t\t\t\t\t<section class=\"elementor-element elementor-element-20510d2 elementor-section-boxed elementor-section-height-default elementor-section-height-default elementor-section elementor-top-section\" data-id=\"20510d2\" data-element_type=\"section\">\n<div class=\"elementor-container elementor-column-gap-default\">\n<div class=\"elementor-row\">\n<div class=\"elementor-element elementor-element-60c3050 elementor-column elementor-col-100 elementor-top-column\" data-id=\"60c3050\" data-element_type=\"column\">\n<div class=\"elementor-column-wrap  elementor-element-populated\">\n<div class=\"elementor-widget-wrap\">\n<div class=\"elementor-element elementor-element-2764f24 elementor-widget elementor-widget-text-editor\" data-id=\"2764f24\" data-element_type=\"widget\" data-widget_type=\"text-editor.default\">\n<div class=\"elementor-widget-container\">\n<div class=\"elementor-text-editor elementor-clearfix\">\n<p>Die H\u00fctte ist von der <strong>Bergheimgemeinschaft Bodenseewerk<\/strong> \u00dcberlingen e.V. angemietet und liegt in Brand\/Vorarlberg (\u00d6sterreich).<br \/>Brand liegt auf 1000 m H\u00f6he; die H\u00fctte befindet sich mitten im Ort.<br \/>Neben zwei gem\u00fctlichen Aufenthaltsr\u00e4umen bietet das Haus insgesamt <strong>22 <\/strong>Schlafm\u00f6glichkeiten.<br \/>Diese verteilen sich auf<\/p>\n<ul>\n<li>zwei 6-Bettzimmer (Schesaplana, Mittagspitze)<\/li>\n<li>ein 4-Bettzimmer (Zimba) und<\/li>\n<li>drei 2-Bettzimmer (Niggenkopf, Pal\u00fcd, Mottakopf).<\/li>\n<\/ul>\n<p>Die meisten Zimmer haben ein eigenes Waschbecken.<br \/>Zus\u00e4tzlich gibt es ein Bad mit 2 Waschbecken und 2 Duschen sowie 2 separate WCs.<br \/>Die K\u00fcche hat Sp\u00fcle mit Warmwasser, K\u00fchlschrank, Gefrierschrank, 2 Herde, Backofen und reichlich Geschirr.<br \/>Au\u00dferdem gibt es einen beheizten Skischuhraum.<br \/>Die H\u00fctte ist eine Selbstversorgerh\u00fctte d.h. Bettw\u00e4sche, K\u00fcchent\u00fccher usw. m\u00fcssen mitgebracht werden.<br \/>Es muss auch selbst geputzt werden und die Hausordnung und M\u00fcllordnung ist einzuhalten.<br \/>Der \u00dcbernachtungspreis richtet sich nach der Geb\u00fchrenordnung.<\/p>\n<\/div>\n<\/div>\n<\/div>\n<\/div>\n<\/div>\n<\/div>\n<\/div>\n<\/div>\n<\/section>\n<section class=\"elementor-element elementor-element-194f85b elementor-section-boxed elementor-section-height-default elementor-section-height-default elementor-section elementor-top-section\" data-id=\"194f85b\" data-element_type=\"section\">\n<div class=\"elementor-container elementor-column-gap-default\">\n<div class=\"elementor-row\">\n<div class=\"elementor-element elementor-element-01104da elementor-column elementor-col-20 elementor-top-column\" data-id=\"01104da\" data-element_type=\"column\">\n<div class=\"elementor-column-wrap\">\n<div class=\"elementor-widget-wrap\">\u00a0<\/div>\n<\/div>\n<\/div>\n<div class=\"elementor-element elementor-element-ce2ba69 elementor-column elementor-col-20 elementor-top-column\" data-id=\"ce2ba69\" data-element_type=\"column\">\n<div class=\"elementor-column-wrap\">\n<div class=\"elementor-widget-wrap\">\u00a0<\/div>\n<\/div>\n<\/div>\n<div class=\"elementor-element elementor-element-92a133f elementor-column elementor-col-20 elementor-top-column\" data-id=\"92a133f\" data-element_type=\"column\">\n<div class=\"elementor-column-wrap\">\n<div class=\"elementor-widget-wrap\">\u00a0<\/div>\n<\/div>\n<\/div>\n<div class=\"elementor-element elementor-element-10994ea elementor-column elementor-col-20 elementor-top-column\" data-id=\"10994ea\" data-element_type=\"column\">\n<div class=\"elementor-column-wrap\">\n<div class=\"elementor-widget-wrap\">\u00a0<\/div>\n<\/div>\n<\/div>\n<div class=\"elementor-element elementor-element-807b312 elementor-column elementor-col-20 elementor-top-column\" data-id=\"807b312\" data-element_type=\"column\">\n<div class=\"elementor-column-wrap\">\n<div class=\"elementor-widget-wrap\">\u00a0<\/div>\n<\/div>\n<\/div>\n<\/div>\n<\/div>\n<\/section>\n<section class=\"elementor-element elementor-element-2b1ec46 elementor-section-boxed elementor-section-height-default elementor-section-height-default elementor-section elementor-top-section\" data-id=\"2b1ec46\" data-element_type=\"section\">\n<div class=\"elementor-container elementor-column-gap-default\">\n<div class=\"elementor-row\">\n<div class=\"elementor-element elementor-element-69943b5 elementor-column elementor-col-100 elementor-top-column\" data-id=\"69943b5\" data-element_type=\"column\">\n<div class=\"elementor-column-wrap  elementor-element-populated\">\n<div class=\"elementor-widget-wrap\">\n<div class=\"elementor-element elementor-element-94e6e2a elementor-widget elementor-widget-divider\" data-id=\"94e6e2a\" data-element_type=\"widget\" data-widget_type=\"divider.default\">\n<div class=\"elementor-widget-container\">\n<div class=\"elementor-divider\">\u00a0<\/div>\n<\/div>\n<\/div>\n<\/div>\n<\/div>\n<\/div>\n<\/div>\n<\/div>\n<\/section>\n<section class=\"elementor-element elementor-element-ddee8f5 elementor-section-boxed elementor-section-height-default elementor-section-height-default elementor-section elementor-top-section\" data-id=\"ddee8f5\" data-element_type=\"section\">\n<div class=\"elementor-container elementor-column-gap-default\">\n<div class=\"elementor-row\">\n<div class=\"elementor-element elementor-element-e92e7c2 elementor-column elementor-col-100 elementor-top-column\" data-id=\"e92e7c2\" data-element_type=\"column\">\n<div class=\"elementor-column-wrap  elementor-element-populated\">\n<div class=\"elementor-widget-wrap\">\n<div class=\"elementor-element elementor-element-7db45dc elementor-widget elementor-widget-spacer\" data-id=\"7db45dc\" data-element_type=\"widget\" data-widget_type=\"spacer.default\">\n<div class=\"elementor-widget-container\">\n<div class=\"elementor-spacer\">\n<div class=\"elementor-spacer-inner\">\u00a0<\/div>\n<\/div>\n<\/div>\n<\/div>\n<\/div>\n<\/div>\n<\/div>\n<\/div>\n<\/div>\n<\/section>\t\t\t\t\t\t<\/div>\n\t\t\t\t<\/div>\n\t\t\t\t\t<\/div>\n\t\t<\/div>\n\t\t\t\t\t\t\t<\/div>\n\t\t<\/section>\n\t\t\t\t<section class=\"elementor-section elementor-top-section elementor-element elementor-element-9a02363 elementor-section-boxed elementor-section-height-default elementor-section-height-default\" data-id=\"9a02363\" data-element_type=\"section\">\n\t\t\t\t\t\t<div class=\"elementor-container elementor-column-gap-default\">\n\t\t\t\t\t<div class=\"elementor-column elementor-col-100 elementor-top-column elementor-element elementor-element-a32e6df\" data-id=\"a32e6df\" data-element_type=\"column\">\n\t\t\t<div class=\"elementor-widget-wrap elementor-element-populated\">\n\t\t\t\t\t\t\t\t<div class=\"elementor-element elementor-element-29b86d6 elementor-widget-divider--view-line elementor-widget elementor-widget-divider\" data-id=\"29b86d6\" data-element_type=\"widget\" data-widget_type=\"divider.default\">\n\t\t\t\t<div class=\"elementor-widget-container\">\n\t\t\t\t\t<div class=\"elementor-divider\">\n\t\t\t<span class=\"elementor-divider-separator\">\n\t\t\t\t\t\t<\/span>\n\t\t<\/div>\n\t\t\t\t<\/div>\n\t\t\t\t<\/div>\n\t\t\t\t\t<\/div>\n\t\t<\/div>\n\t\t\t\t\t\t\t<\/div>\n\t\t<\/section>\n\t\t\t\t<section class=\"elementor-section elementor-top-section elementor-element elementor-element-96a04da elementor-section-boxed elementor-section-height-default elementor-section-height-default\" data-id=\"96a04da\" data-element_type=\"section\">\n\t\t\t\t\t\t<div class=\"elementor-container elementor-column-gap-default\">\n\t\t\t\t\t<div class=\"elementor-column elementor-col-50 elementor-top-column elementor-element elementor-element-0035746\" data-id=\"0035746\" data-element_type=\"column\">\n\t\t\t<div class=\"elementor-widget-wrap elementor-element-populated\">\n\t\t\t\t\t\t\t\t<div class=\"elementor-element elementor-element-a0090f1 elementor-widget elementor-widget-heading\" data-id=\"a0090f1\" data-element_type=\"widget\" data-widget_type=\"heading.default\">\n\t\t\t\t<div class=\"elementor-widget-container\">\n\t\t\t<h2 class=\"elementor-heading-title elementor-size-small\">Skifahren im Brandnertal<\/h2>\t\t<\/div>\n\t\t\t\t<\/div>\n\t\t\t\t<div class=\"elementor-element elementor-element-baf1b1d elementor-view-default elementor-widget elementor-widget-icon\" data-id=\"baf1b1d\" data-element_type=\"widget\" data-widget_type=\"icon.default\">\n\t\t\t\t<div class=\"elementor-widget-container\">\n\t\t\t\t\t<div class=\"elementor-icon-wrapper\">\n\t\t\t<a class=\"elementor-icon\" href=\"https:\/\/www.vorarlberg-alpenregion.at\/de\/brandnertal\/bergbahnen-brandnertal-winter.html\">\n\t\t\t<i aria-hidden=\"true\" class=\"fas fa-skiing\"><\/i>\t\t\t<\/a>\n\t\t<\/div>\n\t\t\t\t<\/div>\n\t\t\t\t<\/div>\n\t\t\t\t\t<\/div>\n\t\t<\/div>\n\t\t\t\t<div class=\"elementor-column elementor-col-50 elementor-top-column elementor-element elementor-element-955bed0\" data-id=\"955bed0\" data-element_type=\"column\">\n\t\t\t<div class=\"elementor-widget-wrap elementor-element-populated\">\n\t\t\t\t\t\t\t\t<div class=\"elementor-element elementor-element-9f9d17c elementor-widget elementor-widget-heading\" data-id=\"9f9d17c\" data-element_type=\"widget\" data-widget_type=\"heading.default\">\n\t\t\t\t<div class=\"elementor-widget-container\">\n\t\t\t<h2 class=\"elementor-heading-title elementor-size-small\">Wandern im Brandnertal<\/h2>\t\t<\/div>\n\t\t\t\t<\/div>\n\t\t\t\t<div class=\"elementor-element elementor-element-550f65d elementor-view-default elementor-widget elementor-widget-icon\" data-id=\"550f65d\" data-element_type=\"widget\" data-widget_type=\"icon.default\">\n\t\t\t\t<div class=\"elementor-widget-container\">\n\t\t\t\t\t<div class=\"elementor-icon-wrapper\">\n\t\t\t<a class=\"elementor-icon\" href=\"https:\/\/www.vorarlberg-alpenregion.at\/de\/brandnertal\/wandern-und-bergsteigen.html\" target=\"_blank\">\n\t\t\t<i aria-hidden=\"true\" class=\"fas fa-walking\"><\/i>\t\t\t<\/a>\n\t\t<\/div>\n\t\t\t\t<\/div>\n\t\t\t\t<\/div>\n\t\t\t\t\t<\/div>\n\t\t<\/div>\n\t\t\t\t\t\t\t<\/div>\n\t\t<\/section>\n\t\t\t\t\t\t\t<\/div>\n\t\t","protected":false},"excerpt":{"rendered":"<p>Bergheim Brand Die H\u00fctte ist von der Bergheimgemeinschaft Bodenseewerk \u00dcberlingen e.V. angemietet und liegt in Brand\/Vorarlberg (\u00d6sterreich).Brand liegt auf 1000 m H\u00f6he; die H\u00fctte befindet sich mitten im Ort.Neben zwei gem\u00fctlichen Aufenthaltsr\u00e4umen bietet das Haus insgesamt 22 Schlafm\u00f6glichkeiten.Diese verteilen sich auf zwei 6-Bettzimmer (Schesaplana, Mittagspitze) ein 4-Bettzimmer (Zimba) und drei 2-Bettzimmer (Niggenkopf, Pal\u00fcd, Mottakopf). Die [&hellip;]<\/p>\n","protected":false},"author":1,"featured_media":0,"parent":0,"menu_order":0,"comment_status":"closed","ping_status":"closed","template":"elementor_header_footer","meta":{"ocean_post_layout":"","ocean_both_sidebars_style":"","ocean_both_sidebars_content_width":0,"ocean_both_sidebars_sidebars_width":0,"ocean_sidebar":"0","ocean_second_sidebar":"0","ocean_disable_margins":"enable","ocean_add_body_class":"","ocean_shortcode_before_top_bar":"","ocean_shortcode_after_top_bar":"","ocean_shortcode_before_header":"","ocean_shortcode_after_header":"","ocean_has_shortcode":"","ocean_shortcode_after_title":"","ocean_shortcode_before_footer_widgets":"","ocean_shortcode_after_footer_widgets":"","ocean_shortcode_before_footer_bottom":"","ocean_shortcode_after_footer_bottom":"","ocean_display_top_bar":"default","ocean_display_header":"default","ocean_header_style":"","ocean_center_header_left_menu":"0","ocean_custom_header_template":"0","ocean_custom_logo":0,"ocean_custom_retina_logo":0,"ocean_custom_logo_max_width":0,"ocean_custom_logo_tablet_max_width":0,"ocean_custom_logo_mobile_max_width":0,"ocean_custom_logo_max_height":0,"ocean_custom_logo_tablet_max_height":0,"ocean_custom_logo_mobile_max_height":0,"ocean_header_custom_menu":"0","ocean_menu_typo_font_family":"0","ocean_menu_typo_font_subset":"","ocean_menu_typo_font_size":0,"ocean_menu_typo_font_size_tablet":0,"ocean_menu_typo_font_size_mobile":0,"ocean_menu_typo_font_size_unit":"px","ocean_menu_typo_font_weight":"","ocean_menu_typo_font_weight_tablet":"","ocean_menu_typo_font_weight_mobile":"","ocean_menu_typo_transform":"","ocean_menu_typo_transform_tablet":"","ocean_menu_typo_transform_mobile":"","ocean_menu_typo_line_height":0,"ocean_menu_typo_line_height_tablet":0,"ocean_menu_typo_line_height_mobile":0,"ocean_menu_typo_line_height_unit":"","ocean_menu_typo_spacing":0,"ocean_menu_typo_spacing_tablet":0,"ocean_menu_typo_spacing_mobile":0,"ocean_menu_typo_spacing_unit":"","ocean_menu_link_color":"","ocean_menu_link_color_hover":"","ocean_menu_link_color_active":"","ocean_menu_link_background":"","ocean_menu_link_hover_background":"","ocean_menu_link_active_background":"","ocean_menu_social_links_bg":"","ocean_menu_social_hover_links_bg":"","ocean_menu_social_links_color":"","ocean_menu_social_hover_links_color":"","ocean_disable_title":"default","ocean_disable_heading":"default","ocean_post_title":"","ocean_post_subheading":"","ocean_post_title_style":"","ocean_post_title_background_color":"","ocean_post_title_background":0,"ocean_post_title_bg_image_position":"","ocean_post_title_bg_image_attachment":"","ocean_post_title_bg_image_repeat":"","ocean_post_title_bg_image_size":"","ocean_post_title_height":0,"ocean_post_title_bg_overlay":0.5,"ocean_post_title_bg_overlay_color":"","ocean_disable_breadcrumbs":"default","ocean_breadcrumbs_color":"","ocean_breadcrumbs_separator_color":"","ocean_breadcrumbs_links_color":"","ocean_breadcrumbs_links_hover_color":"","ocean_display_footer_widgets":"default","ocean_display_footer_bottom":"default","ocean_custom_footer_template":"0","footnotes":""},"yoast_head":"<!-- This site is optimized with the Yoast SEO plugin v21.8 - https:\/\/yoast.com\/wordpress\/plugins\/seo\/ -->\n<title>Home - Bergheimgemeinschaft Bodenseewerk \u00dcberlingen e.V.<\/title>\n<meta name=\"robots\" content=\"index, follow, max-snippet:-1, max-image-preview:large, max-video-preview:-1\" \/>\n<link rel=\"canonical\" href=\"https:\/\/www.bergheim-brand.de\/\" \/>\n<meta property=\"og:locale\" content=\"de_DE\" \/>\n<meta property=\"og:type\" content=\"article\" \/>\n<meta property=\"og:title\" content=\"Home - Bergheimgemeinschaft Bodenseewerk \u00dcberlingen e.V.\" \/>\n<meta property=\"og:description\" content=\"Bergheim Brand Die H\u00fctte ist von der Bergheimgemeinschaft Bodenseewerk \u00dcberlingen e.V. angemietet und liegt in Brand\/Vorarlberg (\u00d6sterreich).Brand liegt auf 1000 m H\u00f6he; die H\u00fctte befindet sich mitten im Ort.Neben zwei gem\u00fctlichen Aufenthaltsr\u00e4umen bietet das Haus insgesamt 22 Schlafm\u00f6glichkeiten.Diese verteilen sich auf zwei 6-Bettzimmer (Schesaplana, Mittagspitze) ein 4-Bettzimmer (Zimba) und drei 2-Bettzimmer (Niggenkopf, Pal\u00fcd, Mottakopf). Die [&hellip;]\" \/>\n<meta property=\"og:url\" content=\"https:\/\/www.bergheim-brand.de\/\" \/>\n<meta property=\"og:site_name\" content=\"Bergheimgemeinschaft Bodenseewerk \u00dcberlingen e.V.\" \/>\n<meta property=\"article:modified_time\" content=\"2022-10-08T19:57:35+00:00\" \/>\n<meta name=\"twitter:card\" content=\"summary_large_image\" \/>\n<meta name=\"twitter:label1\" content=\"Gesch\u00e4tzte Lesezeit\" \/>\n\t<meta name=\"twitter:data1\" content=\"2\u00a0Minuten\" \/>\n<script type=\"application\/ld+json\" class=\"yoast-schema-graph\">{\"@context\":\"https:\/\/schema.org\",\"@graph\":[{\"@type\":\"WebPage\",\"@id\":\"https:\/\/www.bergheim-brand.de\/\",\"url\":\"https:\/\/www.bergheim-brand.de\/\",\"name\":\"Home - Bergheimgemeinschaft Bodenseewerk \u00dcberlingen e.V.\",\"isPartOf\":{\"@id\":\"https:\/\/www.bergheim-brand.de\/#website\"},\"datePublished\":\"2019-10-30T17:14:11+00:00\",\"dateModified\":\"2022-10-08T19:57:35+00:00\",\"breadcrumb\":{\"@id\":\"https:\/\/www.bergheim-brand.de\/#breadcrumb\"},\"inLanguage\":\"de\",\"potentialAction\":[{\"@type\":\"ReadAction\",\"target\":[\"https:\/\/www.bergheim-brand.de\/\"]}]},{\"@type\":\"BreadcrumbList\",\"@id\":\"https:\/\/www.bergheim-brand.de\/#breadcrumb\",\"itemListElement\":[{\"@type\":\"ListItem\",\"position\":1,\"name\":\"Startseite\",\"item\":\"https:\/\/www.bergheim-brand.de\/\"},{\"@type\":\"ListItem\",\"position\":2,\"name\":\"Home\"}]},{\"@type\":\"WebSite\",\"@id\":\"https:\/\/www.bergheim-brand.de\/#website\",\"url\":\"https:\/\/www.bergheim-brand.de\/\",\"name\":\"Bergheimgemeinschaft Bodenseewerk \u00dcberlingen e.V.\",\"description\":\"Bergheim Brand\",\"potentialAction\":[{\"@type\":\"SearchAction\",\"target\":{\"@type\":\"EntryPoint\",\"urlTemplate\":\"https:\/\/www.bergheim-brand.de\/?s={search_term_string}\"},\"query-input\":\"required name=search_term_string\"}],\"inLanguage\":\"de\"}]}<\/script>\n<!-- \/ Yoast SEO plugin. -->","yoast_head_json":{"title":"Home - Bergheimgemeinschaft Bodenseewerk \u00dcberlingen e.V.","robots":{"index":"index","follow":"follow","max-snippet":"max-snippet:-1","max-image-preview":"max-image-preview:large","max-video-preview":"max-video-preview:-1"},"canonical":"https:\/\/www.bergheim-brand.de\/","og_locale":"de_DE","og_type":"article","og_title":"Home - Bergheimgemeinschaft Bodenseewerk \u00dcberlingen e.V.","og_description":"Bergheim Brand Die H\u00fctte ist von der Bergheimgemeinschaft Bodenseewerk \u00dcberlingen e.V. angemietet und liegt in Brand\/Vorarlberg (\u00d6sterreich).Brand liegt auf 1000 m H\u00f6he; die H\u00fctte befindet sich mitten im Ort.Neben zwei gem\u00fctlichen Aufenthaltsr\u00e4umen bietet das Haus insgesamt 22 Schlafm\u00f6glichkeiten.Diese verteilen sich auf zwei 6-Bettzimmer (Schesaplana, Mittagspitze) ein 4-Bettzimmer (Zimba) und drei 2-Bettzimmer (Niggenkopf, Pal\u00fcd, Mottakopf). Die [&hellip;]","og_url":"https:\/\/www.bergheim-brand.de\/","og_site_name":"Bergheimgemeinschaft Bodenseewerk \u00dcberlingen e.V.","article_modified_time":"2022-10-08T19:57:35+00:00","twitter_card":"summary_large_image","twitter_misc":{"Gesch\u00e4tzte Lesezeit":"2\u00a0Minuten"},"schema":{"@context":"https:\/\/schema.org","@graph":[{"@type":"WebPage","@id":"https:\/\/www.bergheim-brand.de\/","url":"https:\/\/www.bergheim-brand.de\/","name":"Home - Bergheimgemeinschaft Bodenseewerk \u00dcberlingen e.V.","isPartOf":{"@id":"https:\/\/www.bergheim-brand.de\/#website"},"datePublished":"2019-10-30T17:14:11+00:00","dateModified":"2022-10-08T19:57:35+00:00","breadcrumb":{"@id":"https:\/\/www.bergheim-brand.de\/#breadcrumb"},"inLanguage":"de","potentialAction":[{"@type":"ReadAction","target":["https:\/\/www.bergheim-brand.de\/"]}]},{"@type":"BreadcrumbList","@id":"https:\/\/www.bergheim-brand.de\/#breadcrumb","itemListElement":[{"@type":"ListItem","position":1,"name":"Startseite","item":"https:\/\/www.bergheim-brand.de\/"},{"@type":"ListItem","position":2,"name":"Home"}]},{"@type":"WebSite","@id":"https:\/\/www.bergheim-brand.de\/#website","url":"https:\/\/www.bergheim-brand.de\/","name":"Bergheimgemeinschaft Bodenseewerk \u00dcberlingen e.V.","description":"Bergheim Brand","potentialAction":[{"@type":"SearchAction","target":{"@type":"EntryPoint","urlTemplate":"https:\/\/www.bergheim-brand.de\/?s={search_term_string}"},"query-input":"required name=search_term_string"}],"inLanguage":"de"}]}},"_links":{"self":[{"href":"https:\/\/www.bergheim-brand.de\/index.php?rest_route=\/wp\/v2\/pages\/5"}],"collection":[{"href":"https:\/\/www.bergheim-brand.de\/index.php?rest_route=\/wp\/v2\/pages"}],"about":[{"href":"https:\/\/www.bergheim-brand.de\/index.php?rest_route=\/wp\/v2\/types\/page"}],"author":[{"embeddable":true,"href":"https:\/\/www.bergheim-brand.de\/index.php?rest_route=\/wp\/v2\/users\/1"}],"replies":[{"embeddable":true,"href":"https:\/\/www.bergheim-brand.de\/index.php?rest_route=%2Fwp%2Fv2%2Fcomments&post=5"}],"version-history":[{"count":90,"href":"https:\/\/www.bergheim-brand.de\/index.php?rest_route=\/wp\/v2\/pages\/5\/revisions"}],"predecessor-version":[{"id":607,"href":"https:\/\/www.bergheim-brand.de\/index.php?rest_route=\/wp\/v2\/pages\/5\/revisions\/607"}],"wp:attachment":[{"href":"https:\/\/www.bergheim-brand.de\/index.php?rest_route=%2Fwp%2Fv2%2Fmedia&parent=5"}],"curies":[{"name":"wp","href":"https:\/\/api.w.org\/{rel}","templated":true}]}}