{"id":17,"date":"2019-10-30T18:57:05","date_gmt":"2019-10-30T17:57:05","guid":{"rendered":"https:\/\/www.bergheim-brand.de\/?page_id=17"},"modified":"2019-11-16T01:10:54","modified_gmt":"2019-11-16T00:10:54","slug":"anfahrt","status":"publish","type":"page","link":"https:\/\/www.bergheim-brand.de\/?page_id=17","title":{"rendered":"Anfahrt"},"content":{"rendered":"\n<h2 class=\"wp-block-heading\"><strong>Wegbeschreibung<\/strong><\/h2>\n\n\n\n<p>Von Bregenz geht es in Richtung Bludenz (entweder Autobahn oder Bundesstrasse 190), dann kurz vor Bludenz in Richtung <strong>Brand<\/strong>\/Brandnertal abbiegen. \u00dcber B\u00fcrserberg erreichen wir nach ca. 10 km Brand und folgen der Hauptstrasse, bis auf der rechten Seite das \u201e<strong>Sportgesch\u00e4ft Bertel<\/strong>\u201c  zu sehen ist. Nach dem Sportgesch\u00e4ft rechts abbiegen, nach ca. 30 m  wieder rechts abbiegen. Dann ist auf der rechten Seite nach  weiteren 30 m ein dunkles Holzhaus mit gr\u00fcnen Fensterl\u00e4den (<strong>M\u00fchled\u00f6rfle 126<\/strong>) zu sehen.<br>Der Parkplatz befindet sich links (oberhalb) des Hauses.<\/p>\n\n\n\n<iframe scrolling=\"no\" marginheight=\"0\" marginwidth=\"0\" src=\"https:\/\/www.openstreetmap.org\/export\/embed.html?bbox=9.736617207527162%2C47.10557668398417%2C9.745575785636904%2C47.10872035081421&amp;layer=mapnik&amp;marker=47.107148540606936%2C9.741096496582031\" style=\"border: 1px solid black\" width=\"425\" height=\"350\" frameborder=\"0\"><\/iframe><br><small><a href=\"https:\/\/www.openstreetmap.org\/?mlat=47.10715&amp;mlon=9.74110#map=18\/47.10715\/9.74110\">Gr\u00f6\u00dfere Karte anzeigen<\/a><\/small>\n","protected":false},"excerpt":{"rendered":"<p>Wegbeschreibung Von Bregenz geht es in Richtung Bludenz (entweder Autobahn oder Bundesstrasse 190), dann kurz vor Bludenz in Richtung Brand\/Brandnertal abbiegen. \u00dcber B\u00fcrserberg erreichen wir nach ca. 10 km Brand und folgen der Hauptstrasse, bis auf der rechten Seite das \u201eSportgesch\u00e4ft Bertel\u201c zu sehen ist. Nach dem Sportgesch\u00e4ft rechts abbiegen, nach ca. 30 m wieder [&hellip;]<\/p>\n","protected":false},"author":1,"featured_media":0,"parent":0,"menu_order":0,"comment_status":"closed","ping_status":"closed","template":"","meta":{"ocean_post_layout":"","ocean_both_sidebars_style":"","ocean_both_sidebars_content_width":0,"ocean_both_sidebars_sidebars_width":0,"ocean_sidebar":"0","ocean_second_sidebar":"0","ocean_disable_margins":"enable","ocean_add_body_class":"","ocean_shortcode_before_top_bar":"","ocean_shortcode_after_top_bar":"","ocean_shortcode_before_header":"","ocean_shortcode_after_header":"","ocean_has_shortcode":"","ocean_shortcode_after_title":"","ocean_shortcode_before_footer_widgets":"","ocean_shortcode_after_footer_widgets":"","ocean_shortcode_before_footer_bottom":"","ocean_shortcode_after_footer_bottom":"","ocean_display_top_bar":"default","ocean_display_header":"default","ocean_header_style":"","ocean_center_header_left_menu":"0","ocean_custom_header_template":"0","ocean_custom_logo":0,"ocean_custom_retina_logo":0,"ocean_custom_logo_max_width":0,"ocean_custom_logo_tablet_max_width":0,"ocean_custom_logo_mobile_max_width":0,"ocean_custom_logo_max_height":0,"ocean_custom_logo_tablet_max_height":0,"ocean_custom_logo_mobile_max_height":0,"ocean_header_custom_menu":"0","ocean_menu_typo_font_family":"0","ocean_menu_typo_font_subset":"","ocean_menu_typo_font_size":0,"ocean_menu_typo_font_size_tablet":0,"ocean_menu_typo_font_size_mobile":0,"ocean_menu_typo_font_size_unit":"px","ocean_menu_typo_font_weight":"","ocean_menu_typo_font_weight_tablet":"","ocean_menu_typo_font_weight_mobile":"","ocean_menu_typo_transform":"","ocean_menu_typo_transform_tablet":"","ocean_menu_typo_transform_mobile":"","ocean_menu_typo_line_height":0,"ocean_menu_typo_line_height_tablet":0,"ocean_menu_typo_line_height_mobile":0,"ocean_menu_typo_line_height_unit":"","ocean_menu_typo_spacing":0,"ocean_menu_typo_spacing_tablet":0,"ocean_menu_typo_spacing_mobile":0,"ocean_menu_typo_spacing_unit":"","ocean_menu_link_color":"","ocean_menu_link_color_hover":"","ocean_menu_link_color_active":"","ocean_menu_link_background":"","ocean_menu_link_hover_background":"","ocean_menu_link_active_background":"","ocean_menu_social_links_bg":"","ocean_menu_social_hover_links_bg":"","ocean_menu_social_links_color":"","ocean_menu_social_hover_links_color":"","ocean_disable_title":"default","ocean_disable_heading":"default","ocean_post_title":"","ocean_post_subheading":"","ocean_post_title_style":"","ocean_post_title_background_color":"","ocean_post_title_background":0,"ocean_post_title_bg_image_position":"","ocean_post_title_bg_image_attachment":"","ocean_post_title_bg_image_repeat":"","ocean_post_title_bg_image_size":"","ocean_post_title_height":0,"ocean_post_title_bg_overlay":0.5,"ocean_post_title_bg_overlay_color":"","ocean_disable_breadcrumbs":"default","ocean_breadcrumbs_color":"","ocean_breadcrumbs_separator_color":"","ocean_breadcrumbs_links_color":"","ocean_breadcrumbs_links_hover_color":"","ocean_display_footer_widgets":"default","ocean_display_footer_bottom":"default","ocean_custom_footer_template":"0","footnotes":""},"yoast_head":"<!-- This site is optimized with the Yoast SEO plugin v21.8 - https:\/\/yoast.com\/wordpress\/plugins\/seo\/ -->\n<title>Anfahrt - Bergheimgemeinschaft Bodenseewerk \u00dcberlingen e.V.<\/title>\n<meta name=\"robots\" content=\"index, follow, max-snippet:-1, max-image-preview:large, max-video-preview:-1\" \/>\n<link rel=\"canonical\" href=\"https:\/\/www.bergheim-brand.de\/?page_id=17\" \/>\n<meta property=\"og:locale\" content=\"de_DE\" \/>\n<meta property=\"og:type\" content=\"article\" \/>\n<meta property=\"og:title\" content=\"Anfahrt - Bergheimgemeinschaft Bodenseewerk \u00dcberlingen e.V.\" \/>\n<meta property=\"og:description\" content=\"Wegbeschreibung Von Bregenz geht es in Richtung Bludenz (entweder Autobahn oder Bundesstrasse 190), dann kurz vor Bludenz in Richtung Brand\/Brandnertal abbiegen. \u00dcber B\u00fcrserberg erreichen wir nach ca. 10 km Brand und folgen der Hauptstrasse, bis auf der rechten Seite das \u201eSportgesch\u00e4ft Bertel\u201c zu sehen ist. Nach dem Sportgesch\u00e4ft rechts abbiegen, nach ca. 30 m wieder [&hellip;]\" \/>\n<meta property=\"og:url\" content=\"https:\/\/www.bergheim-brand.de\/?page_id=17\" \/>\n<meta property=\"og:site_name\" content=\"Bergheimgemeinschaft Bodenseewerk \u00dcberlingen e.V.\" \/>\n<meta property=\"article:modified_time\" content=\"2019-11-16T00:10:54+00:00\" \/>\n<meta name=\"twitter:card\" content=\"summary_large_image\" \/>\n<script type=\"application\/ld+json\" class=\"yoast-schema-graph\">{\"@context\":\"https:\/\/schema.org\",\"@graph\":[{\"@type\":\"WebPage\",\"@id\":\"https:\/\/www.bergheim-brand.de\/?page_id=17\",\"url\":\"https:\/\/www.bergheim-brand.de\/?page_id=17\",\"name\":\"Anfahrt - Bergheimgemeinschaft Bodenseewerk \u00dcberlingen e.V.\",\"isPartOf\":{\"@id\":\"https:\/\/www.bergheim-brand.de\/#website\"},\"datePublished\":\"2019-10-30T17:57:05+00:00\",\"dateModified\":\"2019-11-16T00:10:54+00:00\",\"breadcrumb\":{\"@id\":\"https:\/\/www.bergheim-brand.de\/?page_id=17#breadcrumb\"},\"inLanguage\":\"de\",\"potentialAction\":[{\"@type\":\"ReadAction\",\"target\":[\"https:\/\/www.bergheim-brand.de\/?page_id=17\"]}]},{\"@type\":\"BreadcrumbList\",\"@id\":\"https:\/\/www.bergheim-brand.de\/?page_id=17#breadcrumb\",\"itemListElement\":[{\"@type\":\"ListItem\",\"position\":1,\"name\":\"Startseite\",\"item\":\"https:\/\/www.bergheim-brand.de\/\"},{\"@type\":\"ListItem\",\"position\":2,\"name\":\"Anfahrt\"}]},{\"@type\":\"WebSite\",\"@id\":\"https:\/\/www.bergheim-brand.de\/#website\",\"url\":\"https:\/\/www.bergheim-brand.de\/\",\"name\":\"Bergheimgemeinschaft Bodenseewerk \u00dcberlingen e.V.\",\"description\":\"Bergheim Brand\",\"potentialAction\":[{\"@type\":\"SearchAction\",\"target\":{\"@type\":\"EntryPoint\",\"urlTemplate\":\"https:\/\/www.bergheim-brand.de\/?s={search_term_string}\"},\"query-input\":\"required name=search_term_string\"}],\"inLanguage\":\"de\"}]}<\/script>\n<!-- \/ Yoast SEO plugin. -->","yoast_head_json":{"title":"Anfahrt - Bergheimgemeinschaft Bodenseewerk \u00dcberlingen e.V.","robots":{"index":"index","follow":"follow","max-snippet":"max-snippet:-1","max-image-preview":"max-image-preview:large","max-video-preview":"max-video-preview:-1"},"canonical":"https:\/\/www.bergheim-brand.de\/?page_id=17","og_locale":"de_DE","og_type":"article","og_title":"Anfahrt - Bergheimgemeinschaft Bodenseewerk \u00dcberlingen e.V.","og_description":"Wegbeschreibung Von Bregenz geht es in Richtung Bludenz (entweder Autobahn oder Bundesstrasse 190), dann kurz vor Bludenz in Richtung Brand\/Brandnertal abbiegen. \u00dcber B\u00fcrserberg erreichen wir nach ca. 10 km Brand und folgen der Hauptstrasse, bis auf der rechten Seite das \u201eSportgesch\u00e4ft Bertel\u201c zu sehen ist. Nach dem Sportgesch\u00e4ft rechts abbiegen, nach ca. 30 m wieder [&hellip;]","og_url":"https:\/\/www.bergheim-brand.de\/?page_id=17","og_site_name":"Bergheimgemeinschaft Bodenseewerk \u00dcberlingen e.V.","article_modified_time":"2019-11-16T00:10:54+00:00","twitter_card":"summary_large_image","schema":{"@context":"https:\/\/schema.org","@graph":[{"@type":"WebPage","@id":"https:\/\/www.bergheim-brand.de\/?page_id=17","url":"https:\/\/www.bergheim-brand.de\/?page_id=17","name":"Anfahrt - Bergheimgemeinschaft Bodenseewerk \u00dcberlingen e.V.","isPartOf":{"@id":"https:\/\/www.bergheim-brand.de\/#website"},"datePublished":"2019-10-30T17:57:05+00:00","dateModified":"2019-11-16T00:10:54+00:00","breadcrumb":{"@id":"https:\/\/www.bergheim-brand.de\/?page_id=17#breadcrumb"},"inLanguage":"de","potentialAction":[{"@type":"ReadAction","target":["https:\/\/www.bergheim-brand.de\/?page_id=17"]}]},{"@type":"BreadcrumbList","@id":"https:\/\/www.bergheim-brand.de\/?page_id=17#breadcrumb","itemListElement":[{"@type":"ListItem","position":1,"name":"Startseite","item":"https:\/\/www.bergheim-brand.de\/"},{"@type":"ListItem","position":2,"name":"Anfahrt"}]},{"@type":"WebSite","@id":"https:\/\/www.bergheim-brand.de\/#website","url":"https:\/\/www.bergheim-brand.de\/","name":"Bergheimgemeinschaft Bodenseewerk \u00dcberlingen e.V.","description":"Bergheim Brand","potentialAction":[{"@type":"SearchAction","target":{"@type":"EntryPoint","urlTemplate":"https:\/\/www.bergheim-brand.de\/?s={search_term_string}"},"query-input":"required name=search_term_string"}],"inLanguage":"de"}]}},"_links":{"self":[{"href":"https:\/\/www.bergheim-brand.de\/index.php?rest_route=\/wp\/v2\/pages\/17"}],"collection":[{"href":"https:\/\/www.bergheim-brand.de\/index.php?rest_route=\/wp\/v2\/pages"}],"about":[{"href":"https:\/\/www.bergheim-brand.de\/index.php?rest_route=\/wp\/v2\/types\/page"}],"author":[{"embeddable":true,"href":"https:\/\/www.bergheim-brand.de\/index.php?rest_route=\/wp\/v2\/users\/1"}],"replies":[{"embeddable":true,"href":"https:\/\/www.bergheim-brand.de\/index.php?rest_route=%2Fwp%2Fv2%2Fcomments&post=17"}],"version-history":[{"count":7,"href":"https:\/\/www.bergheim-brand.de\/index.php?rest_route=\/wp\/v2\/pages\/17\/revisions"}],"predecessor-version":[{"id":354,"href":"https:\/\/www.bergheim-brand.de\/index.php?rest_route=\/wp\/v2\/pages\/17\/revisions\/354"}],"wp:attachment":[{"href":"https:\/\/www.bergheim-brand.de\/index.php?rest_route=%2Fwp%2Fv2%2Fmedia&parent=17"}],"curies":[{"name":"wp","href":"https:\/\/api.w.org\/{rel}","templated":true}]}}