{"id":15,"date":"2019-10-30T18:55:28","date_gmt":"2019-10-30T17:55:28","guid":{"rendered":"https:\/\/www.bergheim-brand.de\/?page_id=15"},"modified":"2023-10-10T22:01:09","modified_gmt":"2023-10-10T20:01:09","slug":"gebuehren","status":"publish","type":"page","link":"https:\/\/www.bergheim-brand.de\/?page_id=15","title":{"rendered":"Geb\u00fchren"},"content":{"rendered":"\t\t<div data-elementor-type=\"wp-page\" data-elementor-id=\"15\" class=\"elementor elementor-15\">\n\t\t\t\t\t\t\t\t\t<section class=\"elementor-section elementor-top-section elementor-element elementor-element-7f6c6b8d elementor-section-boxed elementor-section-height-default elementor-section-height-default\" data-id=\"7f6c6b8d\" data-element_type=\"section\">\n\t\t\t\t\t\t<div class=\"elementor-container elementor-column-gap-default\">\n\t\t\t\t\t<div class=\"elementor-column elementor-col-100 elementor-top-column elementor-element elementor-element-1309b82b\" data-id=\"1309b82b\" data-element_type=\"column\">\n\t\t\t<div class=\"elementor-widget-wrap elementor-element-populated\">\n\t\t\t\t\t\t\t\t<div class=\"elementor-element elementor-element-78484457 elementor-widget elementor-widget-text-editor\" data-id=\"78484457\" data-element_type=\"widget\" data-widget_type=\"text-editor.default\">\n\t\t\t\t<div class=\"elementor-widget-container\">\n\t\t\t\t\t\t\t<p><!-- wp:heading {\"level\":3} --><\/p>\n<p><strong><u>Geb\u00fchrenordnung<\/u><\/strong><\/p>\n<p>Diese Geb\u00fchrenordnung entspricht Punkt III\/4 der Vereinssatzung vom 28.06.83.<\/p>\n<p>\u00a0<\/p>\n<p><strong>(1)\u00a0\u00a0 <u>Aufnahmegeb\u00fchr<\/u><\/strong><\/p>\n<p>Bei Neuaufnahme eines erwachsenen Mitgliedes wird eine einmalige Geb\u00fchr von 40,00 Euro erhoben.<\/p>\n<p>Die Aufnahmegeb\u00fchr ist <u>nicht<\/u> abwohnbar.<\/p>\n<p>\u00a0<\/p>\n<p><strong>(2)\u00a0\u00a0 <u>Mitgliedsbeitrag<\/u><\/strong><\/p>\n<p>Der Jahresbeitrag bel\u00e4uft sich auf 40,00 Euro und ist nicht abwohnbar. Er wird durch Bankeinzug erhoben.<\/p>\n<p>\u00a0<\/p>\n<p><strong>(3)\u00a0\u00a0 <u>\u00dcbernachtungsgeb\u00fchren<\/u><\/strong><\/p>\n<p>F\u00fcr die \u00dcbernachtung im Bergheim werden pro Nacht die nachstehenden Geb\u00fchren festgesetzt:<\/p>\n<p>(Ma\u00dfgebend ist der Jahrgang und nicht das vollendete Lebensjahr)<\/p>\n<p>\u00a0<\/p>\n<p>Erwachsene Mitglieder ab 18 Jahren (Geburtsjahr), deren Ehepartner \u00a0\u00a0\u00a0\u00a0\u00a0\u00a0\u00a0\u00a0\u00a0\u00a0\u00a0\u00a0\u00a0\u00a0\u00a0\u00a0\u00a0\u00a0\u00a0\u00a0\u00a0\u00a0\u00a0\u00a0\u00a0\u00a0\u00a0<\/p>\n<p>sowie deren in der Ausbildung befindlichen Kinder von 18 bis einschl. 24 Jahren \u00a0\u00a0\u00a0\u00a0\u00a0 8<strong>,00 Euro <\/strong><\/p>\n<p>Jugendliche von Mitglieder von 15 bis einschl. 17 Jahren (Geburtsjahr)\u00a0\u00a0\u00a0\u00a0\u00a0\u00a0\u00a0\u00a0\u00a0\u00a0\u00a0 <strong>6,00 Euro<\/strong><\/p>\n<p>Kinder von Mitglieder ohne G\u00e4stetaxe von 4 bis einschl. 14 Jahren (Geburtsjahr)\u00a0\u00a0\u00a0\u00a0\u00a0 <strong>5,00 Euro<\/strong><\/p>\n<p>\u00a0<\/p>\n<p>Bei Mitgliedern werden ab dem dritten Kind keine Geb\u00fchren erhoben.<\/p>\n<p>Diese Regelung gilt nur f\u00fcr G\u00e4stetaxe freie Kinder (0 bis einschl. 14 Jahre).<\/p>\n<p>Kinder \/ Jugendliche von Mitglieder gelten ab dem 25. Lebensjahr als Nichtmitglieder.<\/p>\n<p>\u00a0<\/p>\n<p>Nichtmitglieder ab 18 Jahren (Geburtsjahr)\u00a0\u00a0\u00a0\u00a0\u00a0\u00a0\u00a0\u00a0\u00a0\u00a0\u00a0\u00a0\u00a0\u00a0\u00a0\u00a0\u00a0\u00a0\u00a0\u00a0\u00a0\u00a0\u00a0\u00a0\u00a0\u00a0\u00a0\u00a0\u00a0\u00a0\u00a0\u00a0\u00a0\u00a0\u00a0\u00a0\u00a0\u00a0\u00a0\u00a0\u00a0\u00a0\u00a0\u00a0\u00a0\u00a0\u00a0\u00a0\u00a0\u00a0\u00a0 <strong>18,00 Eur<\/strong>o<\/p>\n<p>Jugendliche von Nichtmitglieder von 15 bis einschl. 17 Jahren (Geburtsjahr)\u00a0 <strong> 12,00 Euro<\/strong><\/p>\n<p>Kinder von Nichtmitglieder von 4 bis einschl. 14 Jahren (Geburtsjahr)\u00a0\u00a0\u00a0\u00a0\u00a0\u00a0\u00a0\u00a0\u00a0\u00a0\u00a0\u00a0\u00a0 <strong>9,00 Euro<\/strong><\/p>\n<p>\u00a0<\/p>\n<p>F\u00fcr Gruppen betr\u00e4gt die Pauschale f\u00fcr alle 22 Betten (2 N\u00e4chte)\u00a0\u00a0\u00a0\u00a0\u00a0\u00a0\u00a0\u00a0\u00a0\u00a0\u00a0\u00a0\u00a0\u00a0\u00a0\u00a0\u00a0 <strong>550,00 Euro<\/strong><\/p>\n<p>f\u00fcr jede weitere zus\u00e4tzliche Nacht \u00a0\u00a0\u00a0\u00a0\u00a0\u00a0\u00a0\u00a0\u00a0\u00a0\u00a0\u00a0\u00a0\u00a0\u00a0\u00a0\u00a0\u00a0\u00a0\u00a0\u00a0\u00a0\u00a0\u00a0\u00a0\u00a0\u00a0\u00a0\u00a0\u00a0\u00a0\u00a0\u00a0\u00a0\u00a0\u00a0\u00a0\u00a0\u00a0\u00a0\u00a0\u00a0\u00a0\u00a0\u00a0\u00a0\u00a0\u00a0\u00a0\u00a0\u00a0\u00a0\u00a0\u00a0\u00a0\u00a0\u00a0\u00a0\u00a0\u00a0\u00a0 <strong>250,00 Euro<\/strong><\/p>\n<p>\u00a0<\/p>\n<p>Gruppen k\u00f6nnen das Bergheim nur belegen, wenn ein Mitglied der Bergheimgemeinschaft die Gruppe begleitet. Bei einer Anfrage erfolgt die Zu\/Absage 3 Monate vor dem gew\u00fcnschten Termin.<\/p>\n<p>\u00a0<\/p>\n<p>Jede \u00dcbernachtungsbuchung kann 4 Wochen vor dem gemeldeten Termin kostenlos r\u00fcckg\u00e4ngig gemacht werden. Bei Nichtbeachtung der Frist werden 50% des \u00dcbernachtungspreises f\u00fcr Erwachsene als Storno Geb\u00fchren berechnet. Dies gilt auch f\u00fcr die Gruppenpauschale.<\/p>\n<p>\u00a0<\/p>\n<p>Werden weniger Betten als reserviert gemeldet, so muss die reduzierte Belegung sp\u00e4testens 3Tage vor Anreise an <a href=\"mailto:Belegung@bergheim-brand.de\">Belegung@bergheim-brand.de<\/a> gemeldet werden, andernfalls werden 50% des Erwachsenenpreises\u00a0 plus G\u00e4stetaxe erhoben.<\/p>\n<p>\u00a0<\/p>\n<p><strong>(4)\u00a0\u00a0 <u>G\u00e4stetaxe<\/u><\/strong><\/p>\n<p>Zu den obengenannten \u00dcbernachtungsgeb\u00fchren (3) wird pro Nacht f\u00fcr Mitglieder und Nichtmitglieder die von der Gemeinde Brand jeweils g\u00fcltige G\u00e4stetaxe <strong>f\u00fcr Erwachsene und Jugendliche<\/strong> berechnet (z. Zt. ab 15\u00a0Jahre 3,20 Euro). Ma\u00dfgebend ist der Jahrgang und nicht das vollendete Lebensjahr.<\/p>\n<p>\u00a0<\/p>\n<p>Wird im Meldeblatt f\u00fcr die Kinder das Geburtsdatum <u>nicht<\/u> eingetragen, wird zus\u00e4tzlich die G\u00e4stetaxe pro Nacht erhoben, da uns hierf\u00fcr die Gemeinde Brand die G\u00e4stetaxe berechnet<\/p>\n<p>\u00a0<\/p>\n<p><strong>Der \u00dcbernachtungspreis setzt sich immer aus der<\/strong> <strong>\u00dcbernachtungsgeb\u00fchr und der aktuellen G\u00e4stetaxe zusammen<\/strong>. Die G\u00e4stetaxe wird von der Bergheimgemeinschaft an die Gemeinde Brand abgef\u00fchrt.<\/p>\n<p>\u00a0<\/p>\n<p>Die Geb\u00fchren und G\u00e4stetaxe werden entweder durch ein geeignetes Einzugsverfahren einbehalten, im Voraus erhoben oder in Rechnung gestellt.<\/p>\n<p>\u00a0<\/p>\n<p><strong>Die Geb\u00fchrenordnung tritt ab 01.11.2022 in Kraft.<\/strong><\/p>\n<p>\u00a0<\/p>\n<p>BERGHEIMGEMEINSCHAFT BODENSEEWERK e.V., \u00dcBERLINGEN<\/p>\n<p>\u00a0<\/p>\n<p>Der Vorstand<\/p>\n<p>\u00a0<\/p>\n<p><!-- \/wp:paragraph --><\/p>\n<p><!-- wp:paragraph --><\/p>\n<p><!-- \/wp:paragraph --><\/p>\t\t\t\t\t\t<\/div>\n\t\t\t\t<\/div>\n\t\t\t\t\t<\/div>\n\t\t<\/div>\n\t\t\t\t\t\t\t<\/div>\n\t\t<\/section>\n\t\t\t\t\t\t\t<\/div>\n\t\t","protected":false},"excerpt":{"rendered":"<p>Geb\u00fchrenordnung Diese Geb\u00fchrenordnung entspricht Punkt III\/4 der Vereinssatzung vom 28.06.83. \u00a0 (1)\u00a0\u00a0 Aufnahmegeb\u00fchr Bei Neuaufnahme eines erwachsenen Mitgliedes wird eine einmalige Geb\u00fchr von 40,00 Euro erhoben. Die Aufnahmegeb\u00fchr ist nicht abwohnbar. \u00a0 (2)\u00a0\u00a0 Mitgliedsbeitrag Der Jahresbeitrag bel\u00e4uft sich auf 40,00 Euro und ist nicht abwohnbar. Er wird durch Bankeinzug erhoben. \u00a0 (3)\u00a0\u00a0 \u00dcbernachtungsgeb\u00fchren F\u00fcr die [&hellip;]<\/p>\n","protected":false},"author":1,"featured_media":0,"parent":0,"menu_order":0,"comment_status":"closed","ping_status":"closed","template":"elementor_header_footer","meta":{"ocean_post_layout":"","ocean_both_sidebars_style":"","ocean_both_sidebars_content_width":0,"ocean_both_sidebars_sidebars_width":0,"ocean_sidebar":"0","ocean_second_sidebar":"0","ocean_disable_margins":"enable","ocean_add_body_class":"","ocean_shortcode_before_top_bar":"","ocean_shortcode_after_top_bar":"","ocean_shortcode_before_header":"","ocean_shortcode_after_header":"","ocean_has_shortcode":"","ocean_shortcode_after_title":"","ocean_shortcode_before_footer_widgets":"","ocean_shortcode_after_footer_widgets":"","ocean_shortcode_before_footer_bottom":"","ocean_shortcode_after_footer_bottom":"","ocean_display_top_bar":"default","ocean_display_header":"default","ocean_header_style":"","ocean_center_header_left_menu":"0","ocean_custom_header_template":"0","ocean_custom_logo":0,"ocean_custom_retina_logo":0,"ocean_custom_logo_max_width":0,"ocean_custom_logo_tablet_max_width":0,"ocean_custom_logo_mobile_max_width":0,"ocean_custom_logo_max_height":0,"ocean_custom_logo_tablet_max_height":0,"ocean_custom_logo_mobile_max_height":0,"ocean_header_custom_menu":"0","ocean_menu_typo_font_family":"0","ocean_menu_typo_font_subset":"","ocean_menu_typo_font_size":0,"ocean_menu_typo_font_size_tablet":0,"ocean_menu_typo_font_size_mobile":0,"ocean_menu_typo_font_size_unit":"px","ocean_menu_typo_font_weight":"","ocean_menu_typo_font_weight_tablet":"","ocean_menu_typo_font_weight_mobile":"","ocean_menu_typo_transform":"","ocean_menu_typo_transform_tablet":"","ocean_menu_typo_transform_mobile":"","ocean_menu_typo_line_height":0,"ocean_menu_typo_line_height_tablet":0,"ocean_menu_typo_line_height_mobile":0,"ocean_menu_typo_line_height_unit":"","ocean_menu_typo_spacing":0,"ocean_menu_typo_spacing_tablet":0,"ocean_menu_typo_spacing_mobile":0,"ocean_menu_typo_spacing_unit":"","ocean_menu_link_color":"","ocean_menu_link_color_hover":"","ocean_menu_link_color_active":"","ocean_menu_link_background":"","ocean_menu_link_hover_background":"","ocean_menu_link_active_background":"","ocean_menu_social_links_bg":"","ocean_menu_social_hover_links_bg":"","ocean_menu_social_links_color":"","ocean_menu_social_hover_links_color":"","ocean_disable_title":"default","ocean_disable_heading":"default","ocean_post_title":"","ocean_post_subheading":"","ocean_post_title_style":"","ocean_post_title_background_color":"","ocean_post_title_background":0,"ocean_post_title_bg_image_position":"","ocean_post_title_bg_image_attachment":"","ocean_post_title_bg_image_repeat":"","ocean_post_title_bg_image_size":"","ocean_post_title_height":0,"ocean_post_title_bg_overlay":0.5,"ocean_post_title_bg_overlay_color":"","ocean_disable_breadcrumbs":"default","ocean_breadcrumbs_color":"","ocean_breadcrumbs_separator_color":"","ocean_breadcrumbs_links_color":"","ocean_breadcrumbs_links_hover_color":"","ocean_display_footer_widgets":"default","ocean_display_footer_bottom":"default","ocean_custom_footer_template":"0","footnotes":""},"yoast_head":"<!-- This site is optimized with the Yoast SEO plugin v21.8 - https:\/\/yoast.com\/wordpress\/plugins\/seo\/ -->\n<title>Geb\u00fchren - Bergheimgemeinschaft Bodenseewerk \u00dcberlingen e.V.<\/title>\n<meta name=\"robots\" content=\"index, follow, max-snippet:-1, max-image-preview:large, max-video-preview:-1\" \/>\n<link rel=\"canonical\" href=\"https:\/\/www.bergheim-brand.de\/?page_id=15\" \/>\n<meta property=\"og:locale\" content=\"de_DE\" \/>\n<meta property=\"og:type\" content=\"article\" \/>\n<meta property=\"og:title\" content=\"Geb\u00fchren - Bergheimgemeinschaft Bodenseewerk \u00dcberlingen e.V.\" \/>\n<meta property=\"og:description\" content=\"Geb\u00fchrenordnung Diese Geb\u00fchrenordnung entspricht Punkt III\/4 der Vereinssatzung vom 28.06.83. \u00a0 (1)\u00a0\u00a0 Aufnahmegeb\u00fchr Bei Neuaufnahme eines erwachsenen Mitgliedes wird eine einmalige Geb\u00fchr von 40,00 Euro erhoben. Die Aufnahmegeb\u00fchr ist nicht abwohnbar. \u00a0 (2)\u00a0\u00a0 Mitgliedsbeitrag Der Jahresbeitrag bel\u00e4uft sich auf 40,00 Euro und ist nicht abwohnbar. Er wird durch Bankeinzug erhoben. \u00a0 (3)\u00a0\u00a0 \u00dcbernachtungsgeb\u00fchren F\u00fcr die [&hellip;]\" \/>\n<meta property=\"og:url\" content=\"https:\/\/www.bergheim-brand.de\/?page_id=15\" \/>\n<meta property=\"og:site_name\" content=\"Bergheimgemeinschaft Bodenseewerk \u00dcberlingen e.V.\" \/>\n<meta property=\"article:modified_time\" content=\"2023-10-10T20:01:09+00:00\" \/>\n<meta name=\"twitter:card\" content=\"summary_large_image\" \/>\n<meta name=\"twitter:label1\" content=\"Gesch\u00e4tzte Lesezeit\" \/>\n\t<meta name=\"twitter:data1\" content=\"3\u00a0Minuten\" \/>\n<script type=\"application\/ld+json\" class=\"yoast-schema-graph\">{\"@context\":\"https:\/\/schema.org\",\"@graph\":[{\"@type\":\"WebPage\",\"@id\":\"https:\/\/www.bergheim-brand.de\/?page_id=15\",\"url\":\"https:\/\/www.bergheim-brand.de\/?page_id=15\",\"name\":\"Geb\u00fchren - Bergheimgemeinschaft Bodenseewerk \u00dcberlingen e.V.\",\"isPartOf\":{\"@id\":\"https:\/\/www.bergheim-brand.de\/#website\"},\"datePublished\":\"2019-10-30T17:55:28+00:00\",\"dateModified\":\"2023-10-10T20:01:09+00:00\",\"breadcrumb\":{\"@id\":\"https:\/\/www.bergheim-brand.de\/?page_id=15#breadcrumb\"},\"inLanguage\":\"de\",\"potentialAction\":[{\"@type\":\"ReadAction\",\"target\":[\"https:\/\/www.bergheim-brand.de\/?page_id=15\"]}]},{\"@type\":\"BreadcrumbList\",\"@id\":\"https:\/\/www.bergheim-brand.de\/?page_id=15#breadcrumb\",\"itemListElement\":[{\"@type\":\"ListItem\",\"position\":1,\"name\":\"Startseite\",\"item\":\"https:\/\/www.bergheim-brand.de\/\"},{\"@type\":\"ListItem\",\"position\":2,\"name\":\"Geb\u00fchren\"}]},{\"@type\":\"WebSite\",\"@id\":\"https:\/\/www.bergheim-brand.de\/#website\",\"url\":\"https:\/\/www.bergheim-brand.de\/\",\"name\":\"Bergheimgemeinschaft Bodenseewerk \u00dcberlingen e.V.\",\"description\":\"Bergheim Brand\",\"potentialAction\":[{\"@type\":\"SearchAction\",\"target\":{\"@type\":\"EntryPoint\",\"urlTemplate\":\"https:\/\/www.bergheim-brand.de\/?s={search_term_string}\"},\"query-input\":\"required name=search_term_string\"}],\"inLanguage\":\"de\"}]}<\/script>\n<!-- \/ Yoast SEO plugin. -->","yoast_head_json":{"title":"Geb\u00fchren - Bergheimgemeinschaft Bodenseewerk \u00dcberlingen e.V.","robots":{"index":"index","follow":"follow","max-snippet":"max-snippet:-1","max-image-preview":"max-image-preview:large","max-video-preview":"max-video-preview:-1"},"canonical":"https:\/\/www.bergheim-brand.de\/?page_id=15","og_locale":"de_DE","og_type":"article","og_title":"Geb\u00fchren - Bergheimgemeinschaft Bodenseewerk \u00dcberlingen e.V.","og_description":"Geb\u00fchrenordnung Diese Geb\u00fchrenordnung entspricht Punkt III\/4 der Vereinssatzung vom 28.06.83. \u00a0 (1)\u00a0\u00a0 Aufnahmegeb\u00fchr Bei Neuaufnahme eines erwachsenen Mitgliedes wird eine einmalige Geb\u00fchr von 40,00 Euro erhoben. Die Aufnahmegeb\u00fchr ist nicht abwohnbar. \u00a0 (2)\u00a0\u00a0 Mitgliedsbeitrag Der Jahresbeitrag bel\u00e4uft sich auf 40,00 Euro und ist nicht abwohnbar. Er wird durch Bankeinzug erhoben. \u00a0 (3)\u00a0\u00a0 \u00dcbernachtungsgeb\u00fchren F\u00fcr die [&hellip;]","og_url":"https:\/\/www.bergheim-brand.de\/?page_id=15","og_site_name":"Bergheimgemeinschaft Bodenseewerk \u00dcberlingen e.V.","article_modified_time":"2023-10-10T20:01:09+00:00","twitter_card":"summary_large_image","twitter_misc":{"Gesch\u00e4tzte Lesezeit":"3\u00a0Minuten"},"schema":{"@context":"https:\/\/schema.org","@graph":[{"@type":"WebPage","@id":"https:\/\/www.bergheim-brand.de\/?page_id=15","url":"https:\/\/www.bergheim-brand.de\/?page_id=15","name":"Geb\u00fchren - Bergheimgemeinschaft Bodenseewerk \u00dcberlingen e.V.","isPartOf":{"@id":"https:\/\/www.bergheim-brand.de\/#website"},"datePublished":"2019-10-30T17:55:28+00:00","dateModified":"2023-10-10T20:01:09+00:00","breadcrumb":{"@id":"https:\/\/www.bergheim-brand.de\/?page_id=15#breadcrumb"},"inLanguage":"de","potentialAction":[{"@type":"ReadAction","target":["https:\/\/www.bergheim-brand.de\/?page_id=15"]}]},{"@type":"BreadcrumbList","@id":"https:\/\/www.bergheim-brand.de\/?page_id=15#breadcrumb","itemListElement":[{"@type":"ListItem","position":1,"name":"Startseite","item":"https:\/\/www.bergheim-brand.de\/"},{"@type":"ListItem","position":2,"name":"Geb\u00fchren"}]},{"@type":"WebSite","@id":"https:\/\/www.bergheim-brand.de\/#website","url":"https:\/\/www.bergheim-brand.de\/","name":"Bergheimgemeinschaft Bodenseewerk \u00dcberlingen e.V.","description":"Bergheim Brand","potentialAction":[{"@type":"SearchAction","target":{"@type":"EntryPoint","urlTemplate":"https:\/\/www.bergheim-brand.de\/?s={search_term_string}"},"query-input":"required name=search_term_string"}],"inLanguage":"de"}]}},"_links":{"self":[{"href":"https:\/\/www.bergheim-brand.de\/index.php?rest_route=\/wp\/v2\/pages\/15"}],"collection":[{"href":"https:\/\/www.bergheim-brand.de\/index.php?rest_route=\/wp\/v2\/pages"}],"about":[{"href":"https:\/\/www.bergheim-brand.de\/index.php?rest_route=\/wp\/v2\/types\/page"}],"author":[{"embeddable":true,"href":"https:\/\/www.bergheim-brand.de\/index.php?rest_route=\/wp\/v2\/users\/1"}],"replies":[{"embeddable":true,"href":"https:\/\/www.bergheim-brand.de\/index.php?rest_route=%2Fwp%2Fv2%2Fcomments&post=15"}],"version-history":[{"count":26,"href":"https:\/\/www.bergheim-brand.de\/index.php?rest_route=\/wp\/v2\/pages\/15\/revisions"}],"predecessor-version":[{"id":632,"href":"https:\/\/www.bergheim-brand.de\/index.php?rest_route=\/wp\/v2\/pages\/15\/revisions\/632"}],"wp:attachment":[{"href":"https:\/\/www.bergheim-brand.de\/index.php?rest_route=%2Fwp%2Fv2%2Fmedia&parent=15"}],"curies":[{"name":"wp","href":"https:\/\/api.w.org\/{rel}","templated":true}]}}