{"id":111,"date":"2019-10-30T21:27:44","date_gmt":"2019-10-30T20:27:44","guid":{"rendered":"https:\/\/www.bergheim-brand.de\/?page_id=111"},"modified":"2023-11-12T22:30:14","modified_gmt":"2023-11-12T21:30:14","slug":"belegung","status":"publish","type":"page","link":"https:\/\/www.bergheim-brand.de\/?page_id=111","title":{"rendered":"Belegung"},"content":{"rendered":"\t\t<div data-elementor-type=\"wp-page\" data-elementor-id=\"111\" class=\"elementor elementor-111\">\n\t\t\t\t\t\t\t\t\t<section class=\"elementor-section elementor-top-section elementor-element elementor-element-2f95545b elementor-section-height-min-height elementor-hidden-phone elementor-section-boxed elementor-section-height-default elementor-section-items-middle\" data-id=\"2f95545b\" data-element_type=\"section\" data-settings=\"{&quot;background_background&quot;:&quot;classic&quot;,&quot;shape_divider_bottom&quot;:&quot;mountains&quot;}\">\n\t\t\t\t\t\t\t<div class=\"elementor-background-overlay\"><\/div>\n\t\t\t\t\t\t<div class=\"elementor-shape elementor-shape-bottom\" data-negative=\"false\">\n\t\t\t<svg xmlns=\"http:\/\/www.w3.org\/2000\/svg\" viewBox=\"0 0 1000 100\" preserveAspectRatio=\"none\">\n\t<path class=\"elementor-shape-fill\" opacity=\"0.33\" d=\"M473,67.3c-203.9,88.3-263.1-34-320.3,0C66,119.1,0,59.7,0,59.7V0h1000v59.7 c0,0-62.1,26.1-94.9,29.3c-32.8,3.3-62.8-12.3-75.8-22.1C806,49.6,745.3,8.7,694.9,4.7S492.4,59,473,67.3z\"\/>\n\t<path class=\"elementor-shape-fill\" opacity=\"0.66\" d=\"M734,67.3c-45.5,0-77.2-23.2-129.1-39.1c-28.6-8.7-150.3-10.1-254,39.1 s-91.7-34.4-149.2,0C115.7,118.3,0,39.8,0,39.8V0h1000v36.5c0,0-28.2-18.5-92.1-18.5C810.2,18.1,775.7,67.3,734,67.3z\"\/>\n\t<path class=\"elementor-shape-fill\" d=\"M766.1,28.9c-200-57.5-266,65.5-395.1,19.5C242,1.8,242,5.4,184.8,20.6C128,35.8,132.3,44.9,89.9,52.5C28.6,63.7,0,0,0,0 h1000c0,0-9.9,40.9-83.6,48.1S829.6,47,766.1,28.9z\"\/>\n<\/svg>\t\t<\/div>\n\t\t\t\t\t<div class=\"elementor-container elementor-column-gap-default\">\n\t\t\t\t\t<div class=\"elementor-column elementor-col-100 elementor-top-column elementor-element elementor-element-b55129e\" data-id=\"b55129e\" data-element_type=\"column\">\n\t\t\t<div class=\"elementor-widget-wrap\">\n\t\t\t\t\t\t\t\t\t<\/div>\n\t\t<\/div>\n\t\t\t\t\t\t\t<\/div>\n\t\t<\/section>\n\t\t\t\t<section class=\"elementor-section elementor-top-section elementor-element elementor-element-58d559c elementor-section-boxed elementor-section-height-default elementor-section-height-default\" data-id=\"58d559c\" data-element_type=\"section\">\n\t\t\t\t\t\t<div class=\"elementor-container elementor-column-gap-default\">\n\t\t\t\t\t<div class=\"elementor-column elementor-col-100 elementor-top-column elementor-element elementor-element-a0e0ad1\" data-id=\"a0e0ad1\" data-element_type=\"column\">\n\t\t\t<div class=\"elementor-widget-wrap elementor-element-populated\">\n\t\t\t\t\t\t\t\t<div class=\"elementor-element elementor-element-5ef1a1d elementor-widget elementor-widget-spacer\" data-id=\"5ef1a1d\" data-element_type=\"widget\" data-widget_type=\"spacer.default\">\n\t\t\t\t<div class=\"elementor-widget-container\">\n\t\t\t\t\t<div class=\"elementor-spacer\">\n\t\t\t<div class=\"elementor-spacer-inner\"><\/div>\n\t\t<\/div>\n\t\t\t\t<\/div>\n\t\t\t\t<\/div>\n\t\t\t\t\t<\/div>\n\t\t<\/div>\n\t\t\t\t\t\t\t<\/div>\n\t\t<\/section>\n\t\t\t\t<section class=\"elementor-section elementor-top-section elementor-element elementor-element-00ca8ca elementor-section-boxed elementor-section-height-default elementor-section-height-default\" data-id=\"00ca8ca\" data-element_type=\"section\">\n\t\t\t\t\t\t<div class=\"elementor-container elementor-column-gap-default\">\n\t\t\t\t\t<div class=\"elementor-column elementor-col-100 elementor-top-column elementor-element elementor-element-51f21b4\" data-id=\"51f21b4\" data-element_type=\"column\">\n\t\t\t<div class=\"elementor-widget-wrap elementor-element-populated\">\n\t\t\t\t\t\t\t\t<div class=\"elementor-element elementor-element-3c37ac1 elementor-widget elementor-widget-heading\" data-id=\"3c37ac1\" data-element_type=\"widget\" data-widget_type=\"heading.default\">\n\t\t\t\t<div class=\"elementor-widget-container\">\n\t\t\t<h1 class=\"elementor-heading-title elementor-size-large\">Belegung<\/h1>\t\t<\/div>\n\t\t\t\t<\/div>\n\t\t\t\t\t<\/div>\n\t\t<\/div>\n\t\t\t\t\t\t\t<\/div>\n\t\t<\/section>\n\t\t\t\t<section class=\"elementor-section elementor-top-section elementor-element elementor-element-76cc6c0 elementor-section-boxed elementor-section-height-default elementor-section-height-default\" data-id=\"76cc6c0\" data-element_type=\"section\">\n\t\t\t\t\t\t<div class=\"elementor-container elementor-column-gap-default\">\n\t\t\t\t\t<div class=\"elementor-column elementor-col-100 elementor-top-column elementor-element elementor-element-e9edd2f\" data-id=\"e9edd2f\" data-element_type=\"column\">\n\t\t\t<div class=\"elementor-widget-wrap\">\n\t\t\t\t\t\t\t\t\t<\/div>\n\t\t<\/div>\n\t\t\t\t\t\t\t<\/div>\n\t\t<\/section>\n\t\t\t\t<section class=\"elementor-section elementor-top-section elementor-element elementor-element-ea441aa elementor-section-boxed elementor-section-height-default elementor-section-height-default\" data-id=\"ea441aa\" data-element_type=\"section\">\n\t\t\t\t\t\t<div class=\"elementor-container elementor-column-gap-default\">\n\t\t\t\t\t<div class=\"elementor-column elementor-col-100 elementor-top-column elementor-element elementor-element-ec72510\" data-id=\"ec72510\" data-element_type=\"column\">\n\t\t\t<div class=\"elementor-widget-wrap elementor-element-populated\">\n\t\t\t\t\t\t\t\t<div class=\"elementor-element elementor-element-8892b89 elementor-widget elementor-widget-text-editor\" data-id=\"8892b89\" data-element_type=\"widget\" data-widget_type=\"text-editor.default\">\n\t\t\t\t<div class=\"elementor-widget-container\">\n\t\t\t\t\t\t\t<p>Im Bergheim Brand stehen 22 Betten zur Verf\u00fcgung. Die angegebene Zahl bedeutet die Anzahl der belegten Betten ab 12:00 Uhr mittags.<br \/>Belegungsw\u00fcnsche sind schriftlich <b>per eMail<\/b> anzufragen. <b>Bei der Online-Anmeldung ist Vor- u. Nachname und Geburtstage aller Personen, der Tag der Anreise (nach 12:00 Uhr) und der Tag der Abreise (vor 12:00 Uhr) anzugeben.<br \/><\/b>Mitglieder der Bergheimgemeinschaft haben bei dreimonatiger Voranmeldung Belegungsvorrecht. Bei Reservierung des gesamten Hauses oder bei Nichtmitglieder, erfolgt die Zusage fr\u00fchestens 3 Monate vor dem Belegungstermin. Gruppen k\u00f6nnen das Bergheim nur belegen, wenn ein Mitglied der Bergheimgemeinschaft die Gruppe begleitet. (Bei einer Anfrage f\u00fcr das gesamte Bergheim erfolgt die Zu-\/Absage 3 Monate vor dem gew\u00fcnschten Termin)<br \/>Alle Schulferien, sowie die Wochenenden in den Monaten Januar, Februar und M\u00e4rz sind den Mitglieder vorbehalten. In dieser Zeit kann ein Mitglied maximal ein gro\u00dfes und ein kleines Zimmer belegen. Bei Nichtbeachtung der Frist werden 50% des \u00dcbernachtungspreises f\u00fcr Leerbetten berechnet.<\/p><h1><strong>\u00a0<\/strong><\/h1>\t\t\t\t\t\t<\/div>\n\t\t\t\t<\/div>\n\t\t\t\t\t<\/div>\n\t\t<\/div>\n\t\t\t\t\t\t\t<\/div>\n\t\t<\/section>\n\t\t\t\t<section class=\"elementor-section elementor-top-section elementor-element elementor-element-ce8edd5 elementor-section-boxed elementor-section-height-default elementor-section-height-default\" data-id=\"ce8edd5\" data-element_type=\"section\">\n\t\t\t\t\t\t<div class=\"elementor-container elementor-column-gap-default\">\n\t\t\t\t\t<div class=\"elementor-column elementor-col-100 elementor-top-column elementor-element elementor-element-235db84\" data-id=\"235db84\" data-element_type=\"column\">\n\t\t\t<div class=\"elementor-widget-wrap elementor-element-populated\">\n\t\t\t\t\t\t\t\t<div class=\"elementor-element elementor-element-7fb0294 elementor-widget-divider--separator-type-pattern elementor-widget-divider--no-spacing elementor-widget-divider--view-line elementor-widget elementor-widget-divider\" data-id=\"7fb0294\" data-element_type=\"widget\" data-widget_type=\"divider.default\">\n\t\t\t\t<div class=\"elementor-widget-container\">\n\t\t\t\t\t<div class=\"elementor-divider\" style=\"--divider-pattern-url: url(&quot;data:image\/svg+xml,%3Csvg xmlns=&#039;http:\/\/www.w3.org\/2000\/svg&#039; preserveAspectRatio=&#039;xMidYMid meet&#039; overflow=&#039;visible&#039; height=&#039;100%&#039; viewBox=&#039;0 0 126 26&#039; fill=&#039;black&#039; stroke=&#039;none&#039;%3E%3Cpath d=&#039;M3,10.2c2.6,0,2.6,2,2.6,3.2S4.4,16.5,3,16.5s-3-1.4-3-3.2S0.4,10.2,3,10.2z M18.8,10.2c1.7,0,3.2,1.4,3.2,3.2s-1.4,3.2-3.2,3.2c-1.7,0-3.2-1.4-3.2-3.2S17,10.2,18.8,10.2z M34.6,10.2c1.5,0,2.6,1.4,2.6,3.2s-0.5,3.2-1.9,3.2c-1.5,0-3.4-1.4-3.4-3.2S33.1,10.2,34.6,10.2z M50.5,10.2c1.7,0,3.2,1.4,3.2,3.2s-1.4,3.2-3.2,3.2c-1.7,0-3.3-0.9-3.3-2.6S48.7,10.2,50.5,10.2z M66.2,10.2c1.5,0,3.4,1.4,3.4,3.2s-1.9,3.2-3.4,3.2c-1.5,0-2.6-0.4-2.6-2.1S64.8,10.2,66.2,10.2z M82.2,10.2c1.7,0.8,2.6,1.4,2.6,3.2s-0.1,3.2-1.6,3.2c-1.5,0-3.7-1.4-3.7-3.2S80.5,9.4,82.2,10.2zM98.6,10.2c1.5,0,2.6,0.4,2.6,2.1s-1.2,4.2-2.6,4.2c-1.5,0-3.7-0.4-3.7-2.1S97.1,10.2,98.6,10.2z M113.4,10.2c1.2,0,2.2,0.9,2.2,3.2s-0.1,3.2-1.3,3.2s-3.1-1.4-3.1-3.2S112.2,10.2,113.4,10.2z&#039;\/%3E%3C\/svg%3E&quot;);\">\n\t\t\t<span class=\"elementor-divider-separator\">\n\t\t\t\t\t\t<\/span>\n\t\t<\/div>\n\t\t\t\t<\/div>\n\t\t\t\t<\/div>\n\t\t\t\t\t<\/div>\n\t\t<\/div>\n\t\t\t\t\t\t\t<\/div>\n\t\t<\/section>\n\t\t\t\t<section class=\"elementor-section elementor-top-section elementor-element elementor-element-c14deb7 elementor-section-boxed elementor-section-height-default elementor-section-height-default\" data-id=\"c14deb7\" data-element_type=\"section\">\n\t\t\t\t\t\t<div class=\"elementor-container elementor-column-gap-default\">\n\t\t\t\t\t<div class=\"elementor-column elementor-col-100 elementor-top-column elementor-element elementor-element-e6a4820\" data-id=\"e6a4820\" data-element_type=\"column\">\n\t\t\t<div class=\"elementor-widget-wrap elementor-element-populated\">\n\t\t\t\t\t\t\t\t<div class=\"elementor-element elementor-element-a170c57 elementor-widget elementor-widget-shortcode\" data-id=\"a170c57\" data-element_type=\"widget\" data-widget_type=\"shortcode.default\">\n\t\t\t\t<div class=\"elementor-widget-container\">\n\t\t\t\t\t<div class=\"elementor-shortcode\"><iframe src=\"https:\/\/calendar.google.com\/calendar\/embed?height=600&wkst=2&bgcolor=%23ffffff&ctz=Europe%2FBerlin&src=NGE3ZDE0OGQ2MDY5YWQ5M2FiOGRlZGQ5ZjZhOThiZjAzN2Q4NDkwOTJhNTIwYjY2YTllYzY0MzllYjBmZTU3ZkBncm91cC5jYWxlbmRhci5nb29nbGUuY29t&color=%23cc003c\" style=\"border:solid 1px #777\" width=\"800\" height=\"600\" frameborder=\"0\" scrolling=\"no\"><\/iframe><\/div>\n\t\t\t\t<\/div>\n\t\t\t\t<\/div>\n\t\t\t\t\t<\/div>\n\t\t<\/div>\n\t\t\t\t\t\t\t<\/div>\n\t\t<\/section>\n\t\t\t\t\t\t\t<\/div>\n\t\t","protected":false},"excerpt":{"rendered":"<p>Belegung Im Bergheim Brand stehen 22 Betten zur Verf\u00fcgung. Die angegebene Zahl bedeutet die Anzahl der belegten Betten ab 12:00 Uhr mittags.Belegungsw\u00fcnsche sind schriftlich per eMail anzufragen. Bei der Online-Anmeldung ist Vor- u. Nachname und Geburtstage aller Personen, der Tag der Anreise (nach 12:00 Uhr) und der Tag der Abreise (vor 12:00 Uhr) anzugeben.Mitglieder der [&hellip;]<\/p>\n","protected":false},"author":1,"featured_media":0,"parent":0,"menu_order":0,"comment_status":"closed","ping_status":"closed","template":"elementor_header_footer","meta":{"ocean_post_layout":"","ocean_both_sidebars_style":"","ocean_both_sidebars_content_width":0,"ocean_both_sidebars_sidebars_width":0,"ocean_sidebar":"0","ocean_second_sidebar":"0","ocean_disable_margins":"enable","ocean_add_body_class":"","ocean_shortcode_before_top_bar":"","ocean_shortcode_after_top_bar":"","ocean_shortcode_before_header":"","ocean_shortcode_after_header":"","ocean_has_shortcode":"","ocean_shortcode_after_title":"","ocean_shortcode_before_footer_widgets":"","ocean_shortcode_after_footer_widgets":"","ocean_shortcode_before_footer_bottom":"","ocean_shortcode_after_footer_bottom":"","ocean_display_top_bar":"default","ocean_display_header":"default","ocean_header_style":"","ocean_center_header_left_menu":"0","ocean_custom_header_template":"0","ocean_custom_logo":0,"ocean_custom_retina_logo":0,"ocean_custom_logo_max_width":0,"ocean_custom_logo_tablet_max_width":0,"ocean_custom_logo_mobile_max_width":0,"ocean_custom_logo_max_height":0,"ocean_custom_logo_tablet_max_height":0,"ocean_custom_logo_mobile_max_height":0,"ocean_header_custom_menu":"0","ocean_menu_typo_font_family":"0","ocean_menu_typo_font_subset":"","ocean_menu_typo_font_size":0,"ocean_menu_typo_font_size_tablet":0,"ocean_menu_typo_font_size_mobile":0,"ocean_menu_typo_font_size_unit":"px","ocean_menu_typo_font_weight":"","ocean_menu_typo_font_weight_tablet":"","ocean_menu_typo_font_weight_mobile":"","ocean_menu_typo_transform":"","ocean_menu_typo_transform_tablet":"","ocean_menu_typo_transform_mobile":"","ocean_menu_typo_line_height":0,"ocean_menu_typo_line_height_tablet":0,"ocean_menu_typo_line_height_mobile":0,"ocean_menu_typo_line_height_unit":"","ocean_menu_typo_spacing":0,"ocean_menu_typo_spacing_tablet":0,"ocean_menu_typo_spacing_mobile":0,"ocean_menu_typo_spacing_unit":"","ocean_menu_link_color":"","ocean_menu_link_color_hover":"","ocean_menu_link_color_active":"","ocean_menu_link_background":"","ocean_menu_link_hover_background":"","ocean_menu_link_active_background":"","ocean_menu_social_links_bg":"","ocean_menu_social_hover_links_bg":"","ocean_menu_social_links_color":"","ocean_menu_social_hover_links_color":"","ocean_disable_title":"default","ocean_disable_heading":"default","ocean_post_title":"","ocean_post_subheading":"","ocean_post_title_style":"","ocean_post_title_background_color":"","ocean_post_title_background":0,"ocean_post_title_bg_image_position":"","ocean_post_title_bg_image_attachment":"","ocean_post_title_bg_image_repeat":"","ocean_post_title_bg_image_size":"","ocean_post_title_height":0,"ocean_post_title_bg_overlay":0.5,"ocean_post_title_bg_overlay_color":"","ocean_disable_breadcrumbs":"default","ocean_breadcrumbs_color":"","ocean_breadcrumbs_separator_color":"","ocean_breadcrumbs_links_color":"","ocean_breadcrumbs_links_hover_color":"","ocean_display_footer_widgets":"default","ocean_display_footer_bottom":"default","ocean_custom_footer_template":"0","footnotes":""},"yoast_head":"<!-- This site is optimized with the Yoast SEO plugin v21.8 - https:\/\/yoast.com\/wordpress\/plugins\/seo\/ -->\n<title>Belegung - Bergheimgemeinschaft Bodenseewerk \u00dcberlingen e.V.<\/title>\n<meta name=\"robots\" content=\"index, follow, max-snippet:-1, max-image-preview:large, max-video-preview:-1\" \/>\n<link rel=\"canonical\" href=\"https:\/\/www.bergheim-brand.de\/?page_id=111\" \/>\n<meta property=\"og:locale\" content=\"de_DE\" \/>\n<meta property=\"og:type\" content=\"article\" \/>\n<meta property=\"og:title\" content=\"Belegung - Bergheimgemeinschaft Bodenseewerk \u00dcberlingen e.V.\" \/>\n<meta property=\"og:description\" content=\"Belegung Im Bergheim Brand stehen 22 Betten zur Verf\u00fcgung. Die angegebene Zahl bedeutet die Anzahl der belegten Betten ab 12:00 Uhr mittags.Belegungsw\u00fcnsche sind schriftlich per eMail anzufragen. Bei der Online-Anmeldung ist Vor- u. Nachname und Geburtstage aller Personen, der Tag der Anreise (nach 12:00 Uhr) und der Tag der Abreise (vor 12:00 Uhr) anzugeben.Mitglieder der [&hellip;]\" \/>\n<meta property=\"og:url\" content=\"https:\/\/www.bergheim-brand.de\/?page_id=111\" \/>\n<meta property=\"og:site_name\" content=\"Bergheimgemeinschaft Bodenseewerk \u00dcberlingen e.V.\" \/>\n<meta property=\"article:modified_time\" content=\"2023-11-12T21:30:14+00:00\" \/>\n<meta name=\"twitter:card\" content=\"summary_large_image\" \/>\n<meta name=\"twitter:label1\" content=\"Gesch\u00e4tzte Lesezeit\" \/>\n\t<meta name=\"twitter:data1\" content=\"1\u00a0Minute\" \/>\n<script type=\"application\/ld+json\" class=\"yoast-schema-graph\">{\"@context\":\"https:\/\/schema.org\",\"@graph\":[{\"@type\":\"WebPage\",\"@id\":\"https:\/\/www.bergheim-brand.de\/?page_id=111\",\"url\":\"https:\/\/www.bergheim-brand.de\/?page_id=111\",\"name\":\"Belegung - Bergheimgemeinschaft Bodenseewerk \u00dcberlingen e.V.\",\"isPartOf\":{\"@id\":\"https:\/\/www.bergheim-brand.de\/#website\"},\"datePublished\":\"2019-10-30T20:27:44+00:00\",\"dateModified\":\"2023-11-12T21:30:14+00:00\",\"breadcrumb\":{\"@id\":\"https:\/\/www.bergheim-brand.de\/?page_id=111#breadcrumb\"},\"inLanguage\":\"de\",\"potentialAction\":[{\"@type\":\"ReadAction\",\"target\":[\"https:\/\/www.bergheim-brand.de\/?page_id=111\"]}]},{\"@type\":\"BreadcrumbList\",\"@id\":\"https:\/\/www.bergheim-brand.de\/?page_id=111#breadcrumb\",\"itemListElement\":[{\"@type\":\"ListItem\",\"position\":1,\"name\":\"Startseite\",\"item\":\"https:\/\/www.bergheim-brand.de\/\"},{\"@type\":\"ListItem\",\"position\":2,\"name\":\"Belegung\"}]},{\"@type\":\"WebSite\",\"@id\":\"https:\/\/www.bergheim-brand.de\/#website\",\"url\":\"https:\/\/www.bergheim-brand.de\/\",\"name\":\"Bergheimgemeinschaft Bodenseewerk \u00dcberlingen e.V.\",\"description\":\"Bergheim Brand\",\"potentialAction\":[{\"@type\":\"SearchAction\",\"target\":{\"@type\":\"EntryPoint\",\"urlTemplate\":\"https:\/\/www.bergheim-brand.de\/?s={search_term_string}\"},\"query-input\":\"required name=search_term_string\"}],\"inLanguage\":\"de\"}]}<\/script>\n<!-- \/ Yoast SEO plugin. -->","yoast_head_json":{"title":"Belegung - Bergheimgemeinschaft Bodenseewerk \u00dcberlingen e.V.","robots":{"index":"index","follow":"follow","max-snippet":"max-snippet:-1","max-image-preview":"max-image-preview:large","max-video-preview":"max-video-preview:-1"},"canonical":"https:\/\/www.bergheim-brand.de\/?page_id=111","og_locale":"de_DE","og_type":"article","og_title":"Belegung - Bergheimgemeinschaft Bodenseewerk \u00dcberlingen e.V.","og_description":"Belegung Im Bergheim Brand stehen 22 Betten zur Verf\u00fcgung. Die angegebene Zahl bedeutet die Anzahl der belegten Betten ab 12:00 Uhr mittags.Belegungsw\u00fcnsche sind schriftlich per eMail anzufragen. Bei der Online-Anmeldung ist Vor- u. Nachname und Geburtstage aller Personen, der Tag der Anreise (nach 12:00 Uhr) und der Tag der Abreise (vor 12:00 Uhr) anzugeben.Mitglieder der [&hellip;]","og_url":"https:\/\/www.bergheim-brand.de\/?page_id=111","og_site_name":"Bergheimgemeinschaft Bodenseewerk \u00dcberlingen e.V.","article_modified_time":"2023-11-12T21:30:14+00:00","twitter_card":"summary_large_image","twitter_misc":{"Gesch\u00e4tzte Lesezeit":"1\u00a0Minute"},"schema":{"@context":"https:\/\/schema.org","@graph":[{"@type":"WebPage","@id":"https:\/\/www.bergheim-brand.de\/?page_id=111","url":"https:\/\/www.bergheim-brand.de\/?page_id=111","name":"Belegung - Bergheimgemeinschaft Bodenseewerk \u00dcberlingen e.V.","isPartOf":{"@id":"https:\/\/www.bergheim-brand.de\/#website"},"datePublished":"2019-10-30T20:27:44+00:00","dateModified":"2023-11-12T21:30:14+00:00","breadcrumb":{"@id":"https:\/\/www.bergheim-brand.de\/?page_id=111#breadcrumb"},"inLanguage":"de","potentialAction":[{"@type":"ReadAction","target":["https:\/\/www.bergheim-brand.de\/?page_id=111"]}]},{"@type":"BreadcrumbList","@id":"https:\/\/www.bergheim-brand.de\/?page_id=111#breadcrumb","itemListElement":[{"@type":"ListItem","position":1,"name":"Startseite","item":"https:\/\/www.bergheim-brand.de\/"},{"@type":"ListItem","position":2,"name":"Belegung"}]},{"@type":"WebSite","@id":"https:\/\/www.bergheim-brand.de\/#website","url":"https:\/\/www.bergheim-brand.de\/","name":"Bergheimgemeinschaft Bodenseewerk \u00dcberlingen e.V.","description":"Bergheim Brand","potentialAction":[{"@type":"SearchAction","target":{"@type":"EntryPoint","urlTemplate":"https:\/\/www.bergheim-brand.de\/?s={search_term_string}"},"query-input":"required name=search_term_string"}],"inLanguage":"de"}]}},"_links":{"self":[{"href":"https:\/\/www.bergheim-brand.de\/index.php?rest_route=\/wp\/v2\/pages\/111"}],"collection":[{"href":"https:\/\/www.bergheim-brand.de\/index.php?rest_route=\/wp\/v2\/pages"}],"about":[{"href":"https:\/\/www.bergheim-brand.de\/index.php?rest_route=\/wp\/v2\/types\/page"}],"author":[{"embeddable":true,"href":"https:\/\/www.bergheim-brand.de\/index.php?rest_route=\/wp\/v2\/users\/1"}],"replies":[{"embeddable":true,"href":"https:\/\/www.bergheim-brand.de\/index.php?rest_route=%2Fwp%2Fv2%2Fcomments&post=111"}],"version-history":[{"count":116,"href":"https:\/\/www.bergheim-brand.de\/index.php?rest_route=\/wp\/v2\/pages\/111\/revisions"}],"predecessor-version":[{"id":639,"href":"https:\/\/www.bergheim-brand.de\/index.php?rest_route=\/wp\/v2\/pages\/111\/revisions\/639"}],"wp:attachment":[{"href":"https:\/\/www.bergheim-brand.de\/index.php?rest_route=%2Fwp%2Fv2%2Fmedia&parent=111"}],"curies":[{"name":"wp","href":"https:\/\/api.w.org\/{rel}","templated":true}]}}